{"id":433,"date":"2014-09-07T20:24:28","date_gmt":"2014-09-07T19:24:28","guid":{"rendered":"http:\/\/www.andreas-kroedel.de\/wp\/?page_id=433"},"modified":"2020-06-21T23:35:59","modified_gmt":"2020-06-21T22:35:59","slug":"denkt-daruber-nach","status":"publish","type":"page","link":"https:\/\/www.andreas-kroedel.de\/?page_id=433","title":{"rendered":"&#8222;Denkt dar\u00fcber nach&#8220;"},"content":{"rendered":"<p>&#8222;Denkt dar\u00fcber nach&#8220; \/ Stellt sich vor!<\/p>\n<p>\u201eHallo,<br \/>\nwir sind Menschen, welche sich Gedanken um das Dasein auf dieser Erde machen.<\/p>\n<p>V\u00f6llig unabh\u00e4ngig rufen wir dazu zur Diskussion auf. Teilt uns doch in eigenen Beitr\u00e4gen, Vorschl\u00e4gen oder Kommentaren mit: \u201eWie seht Ihr das, welche Meinung habt Ihr?\u201c, als Basis einer fruchtbaren Diskussion!<\/p>\n<p>Jeder der einen Kommentar zu unseren Beitr\u00e4gen, oder einen eigenen Beitrag ver\u00f6ffentlichen m\u00f6chte kann sich an die Kontaktadresse wenden. Jeder Autor ist f\u00fcr seine Beitr\u00e4ge selbst verantwortlich.\u201c<\/p>\n","protected":false},"excerpt":{"rendered":"<p>&#8222;Denkt dar\u00fcber nach&#8220; \/ Stellt sich vor! \u201eHallo, wir sind Menschen, welche sich Gedanken um das Dasein auf dieser Erde machen. V\u00f6llig unabh\u00e4ngig rufen wir dazu zur Diskussion auf. Teilt uns doch in eigenen Beitr\u00e4gen, Vorschl\u00e4gen oder Kommentaren mit: \u201eWie &hellip; <a href=\"https:\/\/www.andreas-kroedel.de\/?page_id=433\">Weiterlesen <span class=\"meta-nav\">&rarr;<\/span><\/a><\/p>\n","protected":false},"author":2,"featured_media":0,"parent":0,"menu_order":2,"comment_status":"closed","ping_status":"closed","template":"","meta":{"footnotes":""},"class_list":["post-433","page","type-page","status-publish","hentry"],"_links":{"self":[{"href":"https:\/\/www.andreas-kroedel.de\/index.php?rest_route=\/wp\/v2\/pages\/433","targetHints":{"allow":["GET"]}}],"collection":[{"href":"https:\/\/www.andreas-kroedel.de\/index.php?rest_route=\/wp\/v2\/pages"}],"about":[{"href":"https:\/\/www.andreas-kroedel.de\/index.php?rest_route=\/wp\/v2\/types\/page"}],"author":[{"embeddable":true,"href":"https:\/\/www.andreas-kroedel.de\/index.php?rest_route=\/wp\/v2\/users\/2"}],"replies":[{"embeddable":true,"href":"https:\/\/www.andreas-kroedel.de\/index.php?rest_route=%2Fwp%2Fv2%2Fcomments&post=433"}],"version-history":[{"count":12,"href":"https:\/\/www.andreas-kroedel.de\/index.php?rest_route=\/wp\/v2\/pages\/433\/revisions"}],"predecessor-version":[{"id":969,"href":"https:\/\/www.andreas-kroedel.de\/index.php?rest_route=\/wp\/v2\/pages\/433\/revisions\/969"}],"wp:attachment":[{"href":"https:\/\/www.andreas-kroedel.de\/index.php?rest_route=%2Fwp%2Fv2%2Fmedia&parent=433"}],"curies":[{"name":"wp","href":"https:\/\/api.w.org\/{rel}","templated":true}]}}