{"id":3,"date":"2007-01-30T21:02:12","date_gmt":"2007-01-30T20:02:12","guid":{"rendered":"http:\/\/www.freidenker.org\/kroedel\/wp\/?page_id=3"},"modified":"2020-06-21T23:33:10","modified_gmt":"2020-06-21T22:33:10","slug":"startseite","status":"publish","type":"page","link":"https:\/\/www.andreas-kroedel.de\/?page_id=3","title":{"rendered":"Pers\u00f6nliches"},"content":{"rendered":"<h3>\u00bb Hallo Mitmenschen,<\/h3>\n<p>sch\u00f6n, dass Ihr meine Webseite besucht. Was Ihr hier seht, ist mittlerweile mein <em>dritter<\/em> Versuch meine Gedanken, die mich besch\u00e4ftigen, &#8222;unters Volk&#8220; zu bekommen.<\/p>\n<h3>\u00bb Wer bin ich?<\/h3>\n<p>Einige Worte zu mir: Mein Name ist <strong>Andreas Kr\u00f6del.<\/strong> Ich wurde am 20.04.1957 in Zwickau geboren. Von Beruf bin ich Elektromonteur. Seit 1982 lebe ich in Guben an der Grenze zur Republik Polen und, ich arbeitete als Techniker im Krankenhaus hier in der Stadt.<br \/>\nInzwischen bin ich Erwerbsunf\u00e4higkeitsrentner und 50% schwerbehindert.<br \/>\nWer mehr Informationen \u00fcber Guben, meiner Heimatstadt m\u00f6chte, der klicke bitte <a href=\"http:\/\/www.guben.de\/\" target=\"_blank\" rel=\"noopener noreferrer\">hier<\/a>.<\/p>\n<p>1989 trat ich dem VdF der DDR bei, meine endg\u00fcltige Absage an Parteien und Religionen. Seit dem Zusammenschlu\u00df der Ost- nd Westverb\u00e4nde geh\u00f6re ich dem &#8222;Deutschen Freidenkerverband&#8220; an. Organisiert bin ich im &#8222;Brandenburgischen Freidenkerverband&#8220;.<\/p>\n<h3>\u00bb Meine Texte<\/h3>\n<p>Seit einigen Jahren schreibe ich zu den verschiedensten politischen und kulturellen Themen kleinere oder gr\u00f6ssere Essays. Ich bin also einer dieser vielen <em>&#8222;Wortek\u00fcnstler&#8220;<\/em>, die sich zu Hauf im WorldWideWeb tummeln. Ja, ja, das Lesen meiner <em>&#8222;Werke&#8220;<\/em> ist nicht immer einfach, aber wer will schon leichte Einheitskost f\u00fcr Denkfaule?<\/p>\n<h3>\u00bb Wichtiger Hinweis<\/h3>\n<p>Im Moment kann ich keine E-Mails empfangen oder schreiben, daher schreibt in wichtigen Angelegenheiten bitte meinem Webmaster eine <a href=\"mailto:webmaster@andreas-kroedel.de\" target=\"_blank\" rel=\"noopener noreferrer\">E-Mail<\/a>. Danke.<\/p>\n","protected":false},"excerpt":{"rendered":"<p>\u00bb Hallo Mitmenschen, sch\u00f6n, dass Ihr meine Webseite besucht. Was Ihr hier seht, ist mittlerweile mein dritter Versuch meine Gedanken, die mich besch\u00e4ftigen, &#8222;unters Volk&#8220; zu bekommen. \u00bb Wer bin ich? Einige Worte zu mir: Mein Name ist Andreas Kr\u00f6del. &hellip; <a href=\"https:\/\/www.andreas-kroedel.de\/?page_id=3\">Weiterlesen <span class=\"meta-nav\">&rarr;<\/span><\/a><\/p>\n","protected":false},"author":3,"featured_media":0,"parent":0,"menu_order":1,"comment_status":"closed","ping_status":"closed","template":"","meta":{"footnotes":""},"class_list":["post-3","page","type-page","status-publish","hentry"],"_links":{"self":[{"href":"https:\/\/www.andreas-kroedel.de\/index.php?rest_route=\/wp\/v2\/pages\/3","targetHints":{"allow":["GET"]}}],"collection":[{"href":"https:\/\/www.andreas-kroedel.de\/index.php?rest_route=\/wp\/v2\/pages"}],"about":[{"href":"https:\/\/www.andreas-kroedel.de\/index.php?rest_route=\/wp\/v2\/types\/page"}],"author":[{"embeddable":true,"href":"https:\/\/www.andreas-kroedel.de\/index.php?rest_route=\/wp\/v2\/users\/3"}],"replies":[{"embeddable":true,"href":"https:\/\/www.andreas-kroedel.de\/index.php?rest_route=%2Fwp%2Fv2%2Fcomments&post=3"}],"version-history":[{"count":12,"href":"https:\/\/www.andreas-kroedel.de\/index.php?rest_route=\/wp\/v2\/pages\/3\/revisions"}],"predecessor-version":[{"id":966,"href":"https:\/\/www.andreas-kroedel.de\/index.php?rest_route=\/wp\/v2\/pages\/3\/revisions\/966"}],"wp:attachment":[{"href":"https:\/\/www.andreas-kroedel.de\/index.php?rest_route=%2Fwp%2Fv2%2Fmedia&parent=3"}],"curies":[{"name":"wp","href":"https:\/\/api.w.org\/{rel}","templated":true}]}}